{"id":228,"date":"2023-07-12T11:09:28","date_gmt":"2023-07-12T09:09:28","guid":{"rendered":"https:\/\/kulturalna-polska.pl\/?page_id=228"},"modified":"2023-09-23T09:22:33","modified_gmt":"2023-09-23T07:22:33","slug":"o-fundacji","status":"publish","type":"page","link":"https:\/\/kulturalna-polska.pl\/index.php\/o-fundacji\/","title":{"rendered":"O Fundacji"},"content":{"rendered":"[vc_row type=&#8221;full_width_background&#8221; full_screen_row_position=&#8221;middle&#8221; column_margin=&#8221;90px&#8221; equal_height=&#8221;yes&#8221; content_placement=&#8221;middle&#8221; column_direction=&#8221;default&#8221; column_direction_tablet=&#8221;default&#8221; column_direction_phone=&#8221;default&#8221; bg_color=&#8221;#ffffff&#8221; scene_position=&#8221;center&#8221; top_padding=&#8221;8%&#8221; constrain_group_1=&#8221;yes&#8221; bottom_padding=&#8221;8%&#8221; top_padding_tablet=&#8221;15%&#8221; constrain_group_3=&#8221;yes&#8221; bottom_padding_tablet=&#8221;15%&#8221; text_color=&#8221;light&#8221; text_align=&#8221;left&#8221; row_border_radius=&#8221;none&#8221; row_border_radius_applies=&#8221;bg&#8221; overflow=&#8221;visible&#8221; overlay_strength=&#8221;0.3&#8243; gradient_direction=&#8221;left_to_right&#8221; shape_divider_position=&#8221;bottom&#8221; bg_image_animation=&#8221;none&#8221; shape_type=&#8221;&#8221; gradient_type=&#8221;default&#8221;][vc_column column_padding=&#8221;no-extra-padding&#8221; column_padding_tablet=&#8221;inherit&#8221; column_padding_phone=&#8221;inherit&#8221; column_padding_position=&#8221;all&#8221; column_element_direction_desktop=&#8221;default&#8221; column_element_spacing=&#8221;default&#8221; desktop_text_alignment=&#8221;default&#8221; tablet_text_alignment=&#8221;default&#8221; phone_text_alignment=&#8221;default&#8221; background_color_opacity=&#8221;1&#8243; background_hover_color_opacity=&#8221;1&#8243; background_image=&#8221;235&#8243; background_image_position=&#8221;center top&#8221; background_image_stacking=&#8221;default&#8221; enable_bg_scale=&#8221;true&#8221; background_image_loading=&#8221;default&#8221; column_backdrop_filter=&#8221;none&#8221; column_shadow=&#8221;none&#8221; column_border_radius=&#8221;none&#8221; column_link_target=&#8221;_self&#8221; column_position=&#8221;default&#8221; gradient_direction=&#8221;left_to_right&#8221; overlay_strength=&#8221;0.3&#8243; width=&#8221;1\/2&#8243; tablet_width_inherit=&#8221;default&#8221; animation_type=&#8221;default&#8221; bg_image_animation=&#8221;zoom-out&#8221; border_type=&#8221;simple&#8221; column_border_width=&#8221;none&#8221; column_border_style=&#8221;solid&#8221; column_padding_type=&#8221;default&#8221; gradient_type=&#8221;default&#8221;][divider line_type=&#8221;No Line&#8221; custom_height_tablet=&#8221;600&#8243; custom_height_phone=&#8221;500&#8243;][\/vc_column][vc_column column_padding=&#8221;padding-7-percent&#8221; column_padding_tablet=&#8221;inherit&#8221; column_padding_phone=&#8221;inherit&#8221; column_padding_position=&#8221;top-bottom&#8221; column_element_direction_desktop=&#8221;default&#8221; column_element_spacing=&#8221;default&#8221; desktop_text_alignment=&#8221;default&#8221; tablet_text_alignment=&#8221;default&#8221; phone_text_alignment=&#8221;default&#8221; background_color_opacity=&#8221;1&#8243; background_hover_color_opacity=&#8221;1&#8243; column_backdrop_filter=&#8221;none&#8221; font_color=&#8221;#fe1010&#8243; column_shadow=&#8221;none&#8221; column_border_radius=&#8221;none&#8221; column_link_target=&#8221;_self&#8221; column_position=&#8221;default&#8221; zindex=&#8221;100&#8243; gradient_direction=&#8221;left_to_right&#8221; overlay_strength=&#8221;0.3&#8243; width=&#8221;1\/2&#8243; tablet_width_inherit=&#8221;default&#8221; animation_type=&#8221;default&#8221; bg_image_animation=&#8221;none&#8221; border_type=&#8221;simple&#8221; column_border_width=&#8221;none&#8221; column_border_style=&#8221;solid&#8221; column_padding_type=&#8221;default&#8221; gradient_type=&#8221;default&#8221;][vc_row_inner column_margin=&#8221;default&#8221; column_direction=&#8221;default&#8221; column_direction_tablet=&#8221;default&#8221; column_direction_phone=&#8221;default&#8221; translate_x=&#8221;0&#8243; translate_x_tablet=&#8221;0%&#8221; translate_x_phone=&#8221;0%&#8221; text_align=&#8221;left&#8221; row_position=&#8221;default&#8221; row_position_tablet=&#8221;inherit&#8221; row_position_phone=&#8221;inherit&#8221; overflow=&#8221;visible&#8221; pointer_events=&#8221;all&#8221;][vc_column_inner column_padding=&#8221;padding-10-percent&#8221; column_padding_tablet=&#8221;inherit&#8221; column_padding_phone=&#8221;inherit&#8221; column_padding_position=&#8221;right&#8221; column_element_direction_desktop=&#8221;default&#8221; column_element_spacing=&#8221;default&#8221; desktop_text_alignment=&#8221;default&#8221; tablet_text_alignment=&#8221;default&#8221; phone_text_alignment=&#8221;default&#8221; background_color_opacity=&#8221;1&#8243; background_hover_color_opacity=&#8221;1&#8243; column_backdrop_filter=&#8221;none&#8221; column_shadow=&#8221;none&#8221; column_border_radius=&#8221;none&#8221; column_link_target=&#8221;_self&#8221; overflow=&#8221;visible&#8221; gradient_direction=&#8221;left_to_right&#8221; overlay_strength=&#8221;0.3&#8243; width=&#8221;1\/1&#8243; tablet_width_inherit=&#8221;default&#8221; animation_type=&#8221;default&#8221; bg_image_animation=&#8221;none&#8221; border_type=&#8221;simple&#8221; column_border_width=&#8221;none&#8221; column_border_style=&#8221;solid&#8221;][nectar_highlighted_text color_type=&#8221;gradient&#8221; highlight_color=&#8221;#ff6b30&#8243; secondary_color=&#8221;rgba(255,107,48,0.01)&#8221; style=&#8221;half_text&#8221; custom_font_size=&#8221;7vh&#8221;]\n<h2>Nasza misja<\/h2>\n[\/nectar_highlighted_text][\/vc_column_inner][\/vc_row_inner][vc_row_inner column_margin=&#8221;default&#8221; column_direction=&#8221;default&#8221; column_direction_tablet=&#8221;default&#8221; column_direction_phone=&#8221;default&#8221; text_align=&#8221;left&#8221; row_position=&#8221;default&#8221; row_position_tablet=&#8221;inherit&#8221; row_position_phone=&#8221;inherit&#8221; overflow=&#8221;visible&#8221; pointer_events=&#8221;all&#8221;][vc_column_inner column_padding=&#8221;no-extra-padding&#8221; column_padding_tablet=&#8221;inherit&#8221; column_padding_phone=&#8221;inherit&#8221; column_padding_position=&#8221;all&#8221; top_margin=&#8221;40&#8243; top_margin_tablet=&#8221;0px&#8221; top_margin_phone=&#8221;0px&#8221; column_element_direction_desktop=&#8221;default&#8221; column_element_spacing=&#8221;default&#8221; desktop_text_alignment=&#8221;default&#8221; tablet_text_alignment=&#8221;default&#8221; phone_text_alignment=&#8221;default&#8221; background_color_opacity=&#8221;1&#8243; background_hover_color_opacity=&#8221;1&#8243; column_backdrop_filter=&#8221;none&#8221; font_color=&#8221;#0a0a0a&#8221; column_shadow=&#8221;none&#8221; column_border_radius=&#8221;none&#8221; column_link_target=&#8221;_self&#8221; overflow=&#8221;visible&#8221; gradient_direction=&#8221;left_to_right&#8221; overlay_strength=&#8221;0.3&#8243; width=&#8221;1\/1&#8243; tablet_width_inherit=&#8221;default&#8221; animation_type=&#8221;default&#8221; bg_image_animation=&#8221;none&#8221; border_type=&#8221;simple&#8221; column_border_width=&#8221;none&#8221; column_border_style=&#8221;solid&#8221; column_padding_type=&#8221;default&#8221; gradient_type=&#8221;default&#8221;][vc_column_text css=&#8221;.vc_custom_1695453677629{padding-right: 10% !important;}&#8221;]Fundacja Kulturalna Polska zajmuje si\u0119 promocj\u0105 polskiej kultury, tradycji i obyczaj\u00f3w.\u00a0Chcemy promowa\u0107 Polsk\u0119 w \u015bwiecie i przybli\u017ca\u0107 nasz\u0105 histori\u0119 poprzez wydarzenia kulturalne, wyk\u0142ady, audycje radiowe i programy telewizyjne. Nasz\u0105 misj\u0105 jest przypominanie, jak wa\u017cny dla budowania pozytywnych relacji na co dzie\u0144 jest szacunek do drugiego cz\u0142owieka.<\/p>\n<p style=\"text-align: left;\">Nasz\u0105 dzia\u0142alno\u015b\u0107 opieramy o pozyskane dotacje i darowizny.<br \/>\nWesprzyj Fundacj\u0119 Kulturalna Polska<\/p>\n<p style=\"text-align: left;\">Bank ING nr konta: <strong>19 1050 1012 1000 0090 8266 4229<\/strong><\/p>\n<p style=\"text-align: left;\">Dzi\u0119kujemy!<\/p>\n[\/vc_column_text][\/vc_column_inner][\/vc_row_inner][\/vc_column][\/vc_row]\n","protected":false},"excerpt":{"rendered":"<p>[vc_row type=&#8221;full_width_background&#8221; full_screen_row_position=&#8221;middle&#8221; column_margin=&#8221;90px&#8221; equal_height=&#8221;yes&#8221; content_placement=&#8221;middle&#8221; column_direction=&#8221;default&#8221; column_direction_tablet=&#8221;default&#8221; column_direction_phone=&#8221;default&#8221; bg_color=&#8221;#ffffff&#8221; scene_position=&#8221;center&#8221; top_padding=&#8221;8%&#8221; constrain_group_1=&#8221;yes&#8221; bottom_padding=&#8221;8%&#8221; top_padding_tablet=&#8221;15%&#8221; constrain_group_3=&#8221;yes&#8221; bottom_padding_tablet=&#8221;15%&#8221; text_color=&#8221;light&#8221; text_align=&#8221;left&#8221; row_border_radius=&#8221;none&#8221; row_border_radius_applies=&#8221;bg&#8221; overflow=&#8221;visible&#8221; overlay_strength=&#8221;0.3&#8243; gradient_direction=&#8221;left_to_right&#8221; shape_divider_position=&#8221;bottom&#8221; bg_image_animation=&#8221;none&#8221; shape_type=&#8221;&#8221; gradient_type=&#8221;default&#8221;][vc_column column_padding=&#8221;no-extra-padding&#8221; column_padding_tablet=&#8221;inherit&#8221;&#8230;<\/p>\n","protected":false},"author":2,"featured_media":0,"parent":0,"menu_order":0,"comment_status":"closed","ping_status":"closed","template":"","meta":{"footnotes":""},"class_list":["post-228","page","type-page","status-publish"],"yoast_head":"<!-- This site is optimized with the Yoast SEO plugin v27.5 - https:\/\/yoast.com\/product\/yoast-seo-wordpress\/ -->\n<title>O Fundacji - Kulturalna Polska<\/title>\n<meta name=\"robots\" content=\"index, follow, max-snippet:-1, max-image-preview:large, max-video-preview:-1\" \/>\n<link rel=\"canonical\" href=\"https:\/\/kulturalna-polska.pl\/index.php\/o-fundacji\/\" \/>\n<meta property=\"og:locale\" content=\"pl_PL\" \/>\n<meta property=\"og:type\" content=\"article\" \/>\n<meta property=\"og:title\" content=\"O Fundacji - Kulturalna Polska\" \/>\n<meta property=\"og:description\" content=\"[vc_row type=&#8221;full_width_background&#8221; full_screen_row_position=&#8221;middle&#8221; column_margin=&#8221;90px&#8221; equal_height=&#8221;yes&#8221; content_placement=&#8221;middle&#8221; column_direction=&#8221;default&#8221; column_direction_tablet=&#8221;default&#8221; column_direction_phone=&#8221;default&#8221; bg_color=&#8221;#ffffff&#8221; scene_position=&#8221;center&#8221; top_padding=&#8221;8%&#8221; constrain_group_1=&#8221;yes&#8221; bottom_padding=&#8221;8%&#8221; top_padding_tablet=&#8221;15%&#8221; constrain_group_3=&#8221;yes&#8221; bottom_padding_tablet=&#8221;15%&#8221; text_color=&#8221;light&#8221; text_align=&#8221;left&#8221; row_border_radius=&#8221;none&#8221; row_border_radius_applies=&#8221;bg&#8221; overflow=&#8221;visible&#8221; overlay_strength=&#8221;0.3&#8243; gradient_direction=&#8221;left_to_right&#8221; shape_divider_position=&#8221;bottom&#8221; bg_image_animation=&#8221;none&#8221; shape_type=&#8221;&#8221; gradient_type=&#8221;default&#8221;][vc_column column_padding=&#8221;no-extra-padding&#8221; column_padding_tablet=&#8221;inherit&#8221;...\" \/>\n<meta property=\"og:url\" content=\"https:\/\/kulturalna-polska.pl\/index.php\/o-fundacji\/\" \/>\n<meta property=\"og:site_name\" content=\"Kulturalna Polska\" \/>\n<meta property=\"article:modified_time\" content=\"2023-09-23T07:22:33+00:00\" \/>\n<meta name=\"twitter:card\" content=\"summary_large_image\" \/>\n<meta name=\"twitter:label1\" content=\"Szacowany czas czytania\" \/>\n\t<meta name=\"twitter:data1\" content=\"2 minuty\" \/>\n<script type=\"application\/ld+json\" class=\"yoast-schema-graph\">{\"@context\":\"https:\\\/\\\/schema.org\",\"@graph\":[{\"@type\":\"WebPage\",\"@id\":\"https:\\\/\\\/kulturalna-polska.pl\\\/index.php\\\/o-fundacji\\\/\",\"url\":\"https:\\\/\\\/kulturalna-polska.pl\\\/index.php\\\/o-fundacji\\\/\",\"name\":\"O Fundacji - Kulturalna Polska\",\"isPartOf\":{\"@id\":\"https:\\\/\\\/kulturalna-polska.pl\\\/#website\"},\"datePublished\":\"2023-07-12T09:09:28+00:00\",\"dateModified\":\"2023-09-23T07:22:33+00:00\",\"breadcrumb\":{\"@id\":\"https:\\\/\\\/kulturalna-polska.pl\\\/index.php\\\/o-fundacji\\\/#breadcrumb\"},\"inLanguage\":\"pl-PL\",\"potentialAction\":[{\"@type\":\"ReadAction\",\"target\":[\"https:\\\/\\\/kulturalna-polska.pl\\\/index.php\\\/o-fundacji\\\/\"]}]},{\"@type\":\"BreadcrumbList\",\"@id\":\"https:\\\/\\\/kulturalna-polska.pl\\\/index.php\\\/o-fundacji\\\/#breadcrumb\",\"itemListElement\":[{\"@type\":\"ListItem\",\"position\":1,\"name\":\"Strona g\u0142\u00f3wna\",\"item\":\"https:\\\/\\\/kulturalna-polska.pl\\\/\"},{\"@type\":\"ListItem\",\"position\":2,\"name\":\"O Fundacji\"}]},{\"@type\":\"WebSite\",\"@id\":\"https:\\\/\\\/kulturalna-polska.pl\\\/#website\",\"url\":\"https:\\\/\\\/kulturalna-polska.pl\\\/\",\"name\":\"Kulturalna Polska\",\"description\":\"\",\"potentialAction\":[{\"@type\":\"SearchAction\",\"target\":{\"@type\":\"EntryPoint\",\"urlTemplate\":\"https:\\\/\\\/kulturalna-polska.pl\\\/?s={search_term_string}\"},\"query-input\":{\"@type\":\"PropertyValueSpecification\",\"valueRequired\":true,\"valueName\":\"search_term_string\"}}],\"inLanguage\":\"pl-PL\"}]}<\/script>\n<!-- \/ Yoast SEO plugin. -->","yoast_head_json":{"title":"O Fundacji - Kulturalna Polska","robots":{"index":"index","follow":"follow","max-snippet":"max-snippet:-1","max-image-preview":"max-image-preview:large","max-video-preview":"max-video-preview:-1"},"canonical":"https:\/\/kulturalna-polska.pl\/index.php\/o-fundacji\/","og_locale":"pl_PL","og_type":"article","og_title":"O Fundacji - Kulturalna Polska","og_description":"[vc_row type=&#8221;full_width_background&#8221; full_screen_row_position=&#8221;middle&#8221; column_margin=&#8221;90px&#8221; equal_height=&#8221;yes&#8221; content_placement=&#8221;middle&#8221; column_direction=&#8221;default&#8221; column_direction_tablet=&#8221;default&#8221; column_direction_phone=&#8221;default&#8221; bg_color=&#8221;#ffffff&#8221; scene_position=&#8221;center&#8221; top_padding=&#8221;8%&#8221; constrain_group_1=&#8221;yes&#8221; bottom_padding=&#8221;8%&#8221; top_padding_tablet=&#8221;15%&#8221; constrain_group_3=&#8221;yes&#8221; bottom_padding_tablet=&#8221;15%&#8221; text_color=&#8221;light&#8221; text_align=&#8221;left&#8221; row_border_radius=&#8221;none&#8221; row_border_radius_applies=&#8221;bg&#8221; overflow=&#8221;visible&#8221; overlay_strength=&#8221;0.3&#8243; gradient_direction=&#8221;left_to_right&#8221; shape_divider_position=&#8221;bottom&#8221; bg_image_animation=&#8221;none&#8221; shape_type=&#8221;&#8221; gradient_type=&#8221;default&#8221;][vc_column column_padding=&#8221;no-extra-padding&#8221; column_padding_tablet=&#8221;inherit&#8221;...","og_url":"https:\/\/kulturalna-polska.pl\/index.php\/o-fundacji\/","og_site_name":"Kulturalna Polska","article_modified_time":"2023-09-23T07:22:33+00:00","twitter_card":"summary_large_image","twitter_misc":{"Szacowany czas czytania":"2 minuty"},"schema":{"@context":"https:\/\/schema.org","@graph":[{"@type":"WebPage","@id":"https:\/\/kulturalna-polska.pl\/index.php\/o-fundacji\/","url":"https:\/\/kulturalna-polska.pl\/index.php\/o-fundacji\/","name":"O Fundacji - Kulturalna Polska","isPartOf":{"@id":"https:\/\/kulturalna-polska.pl\/#website"},"datePublished":"2023-07-12T09:09:28+00:00","dateModified":"2023-09-23T07:22:33+00:00","breadcrumb":{"@id":"https:\/\/kulturalna-polska.pl\/index.php\/o-fundacji\/#breadcrumb"},"inLanguage":"pl-PL","potentialAction":[{"@type":"ReadAction","target":["https:\/\/kulturalna-polska.pl\/index.php\/o-fundacji\/"]}]},{"@type":"BreadcrumbList","@id":"https:\/\/kulturalna-polska.pl\/index.php\/o-fundacji\/#breadcrumb","itemListElement":[{"@type":"ListItem","position":1,"name":"Strona g\u0142\u00f3wna","item":"https:\/\/kulturalna-polska.pl\/"},{"@type":"ListItem","position":2,"name":"O Fundacji"}]},{"@type":"WebSite","@id":"https:\/\/kulturalna-polska.pl\/#website","url":"https:\/\/kulturalna-polska.pl\/","name":"Kulturalna Polska","description":"","potentialAction":[{"@type":"SearchAction","target":{"@type":"EntryPoint","urlTemplate":"https:\/\/kulturalna-polska.pl\/?s={search_term_string}"},"query-input":{"@type":"PropertyValueSpecification","valueRequired":true,"valueName":"search_term_string"}}],"inLanguage":"pl-PL"}]}},"_links":{"self":[{"href":"https:\/\/kulturalna-polska.pl\/index.php\/wp-json\/wp\/v2\/pages\/228","targetHints":{"allow":["GET"]}}],"collection":[{"href":"https:\/\/kulturalna-polska.pl\/index.php\/wp-json\/wp\/v2\/pages"}],"about":[{"href":"https:\/\/kulturalna-polska.pl\/index.php\/wp-json\/wp\/v2\/types\/page"}],"author":[{"embeddable":true,"href":"https:\/\/kulturalna-polska.pl\/index.php\/wp-json\/wp\/v2\/users\/2"}],"replies":[{"embeddable":true,"href":"https:\/\/kulturalna-polska.pl\/index.php\/wp-json\/wp\/v2\/comments?post=228"}],"version-history":[{"count":11,"href":"https:\/\/kulturalna-polska.pl\/index.php\/wp-json\/wp\/v2\/pages\/228\/revisions"}],"predecessor-version":[{"id":1333,"href":"https:\/\/kulturalna-polska.pl\/index.php\/wp-json\/wp\/v2\/pages\/228\/revisions\/1333"}],"wp:attachment":[{"href":"https:\/\/kulturalna-polska.pl\/index.php\/wp-json\/wp\/v2\/media?parent=228"}],"curies":[{"name":"wp","href":"https:\/\/api.w.org\/{rel}","templated":true}]}}